{"id":3136,"date":"2025-04-24T13:37:46","date_gmt":"2025-04-24T11:37:46","guid":{"rendered":"https:\/\/portal.ipsbv.com\/?page_id=3136"},"modified":"2025-12-01T15:52:24","modified_gmt":"2025-12-01T14:52:24","slug":"mot-de-passe-oublie","status":"publish","type":"page","link":"https:\/\/portal.ipsbv.com\/be_fr\/mot-de-passe-oublie\/","title":{"rendered":"Mot de passe oubli\u00e9"},"content":{"rendered":"\t\t<div data-elementor-type=\"wp-page\" data-elementor-id=\"3136\" class=\"elementor elementor-3136 elementor-125\" data-elementor-post-type=\"page\">\n\t\t\t\t<div class=\"elementor-element elementor-element-1c610ce e-flex e-con-boxed e-con e-parent\" data-id=\"1c610ce\" data-element_type=\"container\" data-e-type=\"container\" data-settings=\"{&quot;jet_parallax_layout_list&quot;:[],&quot;background_background&quot;:&quot;classic&quot;}\">\n\t\t\t\t\t<div class=\"e-con-inner\">\n\t\t<div class=\"elementor-element elementor-element-fec8e46 e-con-full e-flex e-con e-child\" data-id=\"fec8e46\" data-element_type=\"container\" data-e-type=\"container\" data-settings=\"{&quot;background_background&quot;:&quot;classic&quot;,&quot;jet_parallax_layout_list&quot;:[]}\">\n\t\t\t\t<div class=\"elementor-element elementor-element-ebe4e81 elementor-widget elementor-widget-theme-site-logo elementor-widget-image\" data-id=\"ebe4e81\" data-element_type=\"widget\" data-e-type=\"widget\" data-widget_type=\"theme-site-logo.default\">\n\t\t\t\t<div class=\"elementor-widget-container\">\n\t\t\t\t\t\t\t\t\t\t\t<a href=\"https:\/\/portal.ipsbv.com\/be_fr\/\">\n\t\t\t<img fetchpriority=\"high\" decoding=\"async\" width=\"837\" height=\"549\" src=\"https:\/\/portal.ipsbv.com\/wp-content\/uploads\/2025\/04\/IPS-red.svg\" class=\"attachment-full size-full wp-image-17\" alt=\"\" \/>\t\t\t\t<\/a>\n\t\t\t\t\t\t\t\t\t\t\t<\/div>\n\t\t\t\t<\/div>\n\t\t<div class=\"elementor-element elementor-element-c067808 e-con-full e-flex e-con e-child\" data-id=\"c067808\" data-element_type=\"container\" data-e-type=\"container\" data-settings=\"{&quot;jet_parallax_layout_list&quot;:[]}\">\n\t\t\t\t<div class=\"elementor-element elementor-element-ded35e7 elementor-widget elementor-widget-jet-form-builder-form\" data-id=\"ded35e7\" data-element_type=\"widget\" data-e-type=\"widget\" data-widget_type=\"jet-form-builder-form.default\">\n\t\t\t\t<div class=\"elementor-widget-container\">\n\t\t\t\t\t<link rel='stylesheet' id='wp-block-library-css' href='https:\/\/portal.ipsbv.com\/wp-includes\/css\/dist\/block-library\/style.min.css?ver=6.9.4' media='all' \/>\n<style id=\"jet-form-builder-3052-inline-css\"><\/style><form  class=\"jet-form-builder layout-column submit-type-reload\" action=\"https:\/\/portal.ipsbv.com\/be_fr\/wp-json\/wp\/v2\/pages\/3136\/?MDtff0=rNCsrRiuQ8&amp;method=reload\" method=\"POST\" data-form-id=\"3052\" data-layout=\"column\" enctype=\"multipart\/form-data\" novalidate=\"null\" ssr_validation_method=\"rest\"><input type=\"hidden\" id=\"_wpnonce\" name=\"_wpnonce\" value=\"77e2ab90b8\" \/><input type=\"hidden\" name=\"_wp_http_referer\" value=\"\/be_fr\/wp-json\/wp\/v2\/pages\/3136\" \/>\r\n<input type=\"hidden\" name=\"_jfb_current_render_states[]\" value=\"DEFAULT.STATE\" data-jfb-sync \/><input type=\"hidden\" class=\"jet-form-builder__field hidden-field\" name=\"_jet_engine_booking_form_id\" data-field-name=\"_jet_engine_booking_form_id\" value=\"3052\">\n<input type=\"hidden\" class=\"jet-form-builder__field hidden-field\" name=\"_jet_engine_refer\" data-field-name=\"_jet_engine_refer\" value=\"https:\/\/portal.ipsbv.com\/be_fr\/wp-json\/wp\/v2\/pages\/3136\/\">\n<input type=\"hidden\" class=\"jet-form-builder__field hidden-field\" name=\"__queried_post_id\" data-field-name=\"__queried_post_id\" value=\"3136\">\n<div class=\"jet-form-builder__conditional \" data-jfb-conditional=\"[{&quot;operator&quot;:&quot;render_state&quot;,&quot;render_state&quot;:[&quot;DEFAULT.STATE&quot;]}]\" data-jfb-func=\"{&quot;show&quot;:{&quot;dom&quot;:false}}\">\n\n<h2 class=\"wp-block-heading has-text-align-center\">Mot de passe oubli\u00e9<\/h2>\n\n\n\n<p class=\"has-text-align-center\">Entrez votre adresse e-mail ou votre mot de passe pour demander un mot de passe.<\/p>\n\n<\/div>\n\n<div class=\"jet-form-builder__conditional \" data-jfb-conditional=\"[{&quot;operator&quot;:&quot;render_state&quot;,&quot;render_state&quot;:[&quot;RESET.PASSWORD&quot;]}]\" data-jfb-func=\"{&quot;show&quot;:{&quot;dom&quot;:false}}\">\n\n<h2 class=\"wp-block-heading has-text-align-center\">R\u00e9cup\u00e9rer votre mot de passe<\/h2>\n\n\n\n<p class=\"has-text-align-center\">Entrez deux fois votre nouveau mot de passe.<\/p>\n\n<\/div>\n\n\n<div  class=\"jet-form-builder-row field-type-text-field\" >\n<div class=\"jet-form-builder__field-wrap\">\n\t\t\t\t<input placeholder=\"Adresse e-mail ou num\u00e9ro de client\" name=\"email\" id=\"email\" type=\"text\" data-field-name=\"email\" class=\"jet-form-builder__field text-field\" data-jfb-sync=\"null\" autocomplete=\"off_ZLGh4ark\">\n\t\t\t\t\t<\/div>\n<\/div>\n\n\n<div class=\"jet-form-builder__conditional \" data-jfb-conditional=\"[{&quot;operator&quot;:&quot;render_state&quot;,&quot;render_state&quot;:[&quot;DEFAULT.STATE&quot;]}]\" data-jfb-func=\"{&quot;show&quot;:{&quot;dom&quot;:false}}\">\n\n<p class=\"has-text-align-right\"><a href=\"https:\/\/portal.ipsbv.com\/be_fr\/se-connecter\/\" data-type=\"link\" data-id=\"https:\/\/portal.ipsbv.com\/inloggen\/\">Retour \u00e0 la connexion<\/a><\/p>\n\n<\/div>\n\n\n<div  class=\"jet-form-builder-row field-type-submit-field\" >\n\t<div data-type=\"submit\" class=\"jet-form-builder__action-button-wrapper jet-form-builder__submit-wrap\">\n\t<button class=\"jet-form-builder__action-button jet-form-builder__submit submit-type-reload\" type=\"submit\">Cliquez ici pour modifier votre mot de passe<\/button>\n\t<\/div>\n\t\n<\/div>\n\n\n\n<p><\/p>\n\t<div class=\"jet-form-builder-messages-wrap\" data-form-id=\"3052\"><\/div>\n<\/form>\n\t\t\t\t<\/div>\n\t\t\t\t<\/div>\n\t\t\t\t<\/div>\n\t\t\t\t<\/div>\n\t\t\t\t<div class=\"elementor-element elementor-element-cc5a0f7 elementor-widget elementor-widget-text-editor\" data-id=\"cc5a0f7\" data-element_type=\"widget\" data-e-type=\"widget\" data-widget_type=\"text-editor.default\">\n\t\t\t\t<div class=\"elementor-widget-container\">\n\t\t\t\t\t\t\t\t\t\u00a9 2026 IPS Netherlands BV &#8211; IPS Belgium BV &#8211; Member of Moonen Group of Companies\t\t\t\t\t\t\t\t<\/div>\n\t\t\t\t<\/div>\n\t\t\t\t<div class=\"elementor-element elementor-element-c53a8c9 login elementor-widget elementor-widget-wpml-language-switcher\" data-id=\"c53a8c9\" data-element_type=\"widget\" data-e-type=\"widget\" data-widget_type=\"wpml-language-switcher.default\">\n\t\t\t\t<div class=\"elementor-widget-container\">\n\t\t\t\t\t<div class=\"wpml-elementor-ls\">\n<div role=\"navigation\" aria-label=\"Language Switcher\" class=\"wpml-ls-statics-shortcode_actions wpml-ls wpml-ls-legacy-list-horizontal\">\n\t<ul><li class=\"wpml-ls-slot-shortcode_actions wpml-ls-item wpml-ls-item-nl wpml-ls-first-item wpml-ls-item-legacy-list-horizontal\">\n\t\t\t\t<a href=\"https:\/\/portal.ipsbv.com\/\" hreflang=\"nl\" lang=\"nl\" class=\"wpml-ls-link\" aria-label=\"Switch to N\u00e9erlandais\" title=\"Switch to N\u00e9erlandais\">\n\t\t\t\t\t                                    <img decoding=\"async\"\n            class=\"wpml-ls-flag\"\n            src=\"https:\/\/portal.ipsbv.com\/wp-content\/plugins\/sitepress-multilingual-cms\/res\/flags\/nl.svg\"\n            alt=\"\"\n            loading=\"lazy\"\n            width=18\n            height=12\n    \/><span class=\"wpml-ls-display\">N\u00e9erlandais<\/span><\/a>\n\t\t\t<\/li><li class=\"wpml-ls-slot-shortcode_actions wpml-ls-item wpml-ls-item-fr wpml-ls-item-legacy-list-horizontal\">\n\t\t\t\t<a href=\"https:\/\/portal.ipsbv.com\/fr\/\" hreflang=\"fr\" lang=\"fr\" class=\"wpml-ls-link\" aria-label=\"Switch to Fran\u00e7ais\" title=\"Switch to Fran\u00e7ais\">\n\t\t\t\t\t                                    <img decoding=\"async\"\n            class=\"wpml-ls-flag\"\n            src=\"https:\/\/portal.ipsbv.com\/wp-content\/plugins\/sitepress-multilingual-cms\/res\/flags\/fr.svg\"\n            alt=\"\"\n            loading=\"lazy\"\n            width=18\n            height=12\n    \/><span class=\"wpml-ls-display\">Fran\u00e7ais<\/span><\/a>\n\t\t\t<\/li><li class=\"wpml-ls-slot-shortcode_actions wpml-ls-item wpml-ls-item-be_nl wpml-ls-last-item wpml-ls-item-legacy-list-horizontal\">\n\t\t\t\t<a href=\"https:\/\/portal.ipsbv.com\/be_nl\/\" hreflang=\"be_nl\" lang=\"be_nl\" class=\"wpml-ls-link\" aria-label=\"Switch to N\u00e9erlandais (BE)\" title=\"Switch to N\u00e9erlandais (BE)\">\n\t\t\t\t\t                                    <img decoding=\"async\"\n            class=\"wpml-ls-flag\"\n            src=\"https:\/\/portal.ipsbv.com\/wp-content\/uploads\/flags\/NederlandBelgie\u0308-vlag.png\"\n            alt=\"\"\n            loading=\"lazy\"\n            width=18\n            height=12\n    \/><span class=\"wpml-ls-display\">N\u00e9erlandais (BE)<\/span><\/a>\n\t\t\t<\/li><\/ul>\n<\/div>\n<\/div>\t\t\t\t<\/div>\n\t\t\t\t<\/div>\n\t\t\t\t\t<\/div>\n\t\t\t\t<\/div>\n\t\t\t\t<\/div>\n\t\t","protected":false},"excerpt":{"rendered":"<p>Mot de passe oubli\u00e9 Entrez votre adresse e-mail ou votre mot de passe pour demander un mot de passe. R\u00e9cup\u00e9rer votre mot de passe Entrez deux fois votre nouveau mot de passe. Retour \u00e0 la connexion Cliquez ici pour modifier votre mot de passe N\u00e9erlandais Fran\u00e7ais N\u00e9erlandais (BE)<\/p>\n","protected":false},"author":1,"featured_media":0,"parent":0,"menu_order":0,"comment_status":"closed","ping_status":"closed","template":"","meta":{"footnotes":""},"class_list":["post-3136","page","type-page","status-publish","hentry"],"_links":{"self":[{"href":"https:\/\/portal.ipsbv.com\/be_fr\/wp-json\/wp\/v2\/pages\/3136","targetHints":{"allow":["GET"]}}],"collection":[{"href":"https:\/\/portal.ipsbv.com\/be_fr\/wp-json\/wp\/v2\/pages"}],"about":[{"href":"https:\/\/portal.ipsbv.com\/be_fr\/wp-json\/wp\/v2\/types\/page"}],"author":[{"embeddable":true,"href":"https:\/\/portal.ipsbv.com\/be_fr\/wp-json\/wp\/v2\/users\/1"}],"replies":[{"embeddable":true,"href":"https:\/\/portal.ipsbv.com\/be_fr\/wp-json\/wp\/v2\/comments?post=3136"}],"version-history":[{"count":7,"href":"https:\/\/portal.ipsbv.com\/be_fr\/wp-json\/wp\/v2\/pages\/3136\/revisions"}],"predecessor-version":[{"id":3521,"href":"https:\/\/portal.ipsbv.com\/be_fr\/wp-json\/wp\/v2\/pages\/3136\/revisions\/3521"}],"wp:attachment":[{"href":"https:\/\/portal.ipsbv.com\/be_fr\/wp-json\/wp\/v2\/media?parent=3136"}],"curies":[{"name":"wp","href":"https:\/\/api.w.org\/{rel}","templated":true}]}}